{"id":7417,"date":"2025-12-05T14:15:31","date_gmt":"2025-12-05T11:15:31","guid":{"rendered":"https:\/\/un.davidansushi.md\/?post_type=product&#038;p=7417"},"modified":"2025-12-05T14:15:32","modified_gmt":"2025-12-05T11:15:32","slug":"burger-cu-vita","status":"publish","type":"product","link":"https:\/\/un.davidansushi.md\/ru\/product\/burger-cu-vita\/","title":{"rendered":"Burger cu vit\u0103"},"content":{"rendered":"","protected":false},"excerpt":{"rendered":"<p><strong>Ingrediente<\/strong><\/p>\n<ul>\n<li>chifl\u0103 burger<\/li>\n<li>ceap\u0103 caramelizat\u0103<\/li>\n<li>p\u00e2rjoal\u0103 de vit\u0103<\/li>\n<li>ca\u0219caval dorblu<\/li>\n<li>castrave\u021bi marina\u021bi<\/li>\n<li>frunz\u0103 de salat\u0103<\/li>\n<li>ro\u0219ii<\/li>\n<li>bacon<\/li>\n<li>rucola<\/li>\n<li>cartofi pai<\/li>\n<li>sos Ketchup<\/li>\n<\/ul>","protected":false},"featured_media":6756,"template":"","meta":[],"product_brand":[],"product_cat":[42],"product_tag":[],"class_list":{"0":"post-7417","1":"product","2":"type-product","3":"status-publish","4":"has-post-thumbnail","6":"product_cat-gustari","8":"first","9":"instock","10":"shipping-taxable","11":"purchasable","12":"product-type-simple"},"jetpack_sharing_enabled":true,"_links":{"self":[{"href":"https:\/\/un.davidansushi.md\/ru\/wp-json\/wp\/v2\/product\/7417","targetHints":{"allow":["GET"]}}],"collection":[{"href":"https:\/\/un.davidansushi.md\/ru\/wp-json\/wp\/v2\/product"}],"about":[{"href":"https:\/\/un.davidansushi.md\/ru\/wp-json\/wp\/v2\/types\/product"}],"version-history":[{"count":1,"href":"https:\/\/un.davidansushi.md\/ru\/wp-json\/wp\/v2\/product\/7417\/revisions"}],"predecessor-version":[{"id":7434,"href":"https:\/\/un.davidansushi.md\/ru\/wp-json\/wp\/v2\/product\/7417\/revisions\/7434"}],"wp:featuredmedia":[{"embeddable":true,"href":"https:\/\/un.davidansushi.md\/ru\/wp-json\/wp\/v2\/media\/6756"}],"wp:attachment":[{"href":"https:\/\/un.davidansushi.md\/ru\/wp-json\/wp\/v2\/media?parent=7417"}],"wp:term":[{"taxonomy":"product_brand","embeddable":true,"href":"https:\/\/un.davidansushi.md\/ru\/wp-json\/wp\/v2\/product_brand?post=7417"},{"taxonomy":"product_cat","embeddable":true,"href":"https:\/\/un.davidansushi.md\/ru\/wp-json\/wp\/v2\/product_cat?post=7417"},{"taxonomy":"product_tag","embeddable":true,"href":"https:\/\/un.davidansushi.md\/ru\/wp-json\/wp\/v2\/product_tag?post=7417"}],"curies":[{"name":"wp","href":"https:\/\/api.w.org\/{rel}","templated":true}]}}