{"id":6575,"date":"2025-12-05T13:42:02","date_gmt":"2025-12-05T10:42:02","guid":{"rendered":"https:\/\/un.davidansushi.md\/?page_id=6575"},"modified":"2025-12-05T13:45:07","modified_gmt":"2025-12-05T10:45:07","slug":"maintenance","status":"publish","type":"page","link":"https:\/\/un.davidansushi.md\/ru\/maintenance\/","title":{"rendered":"Maintenance"},"content":{"rendered":"<div data-elementor-type=\"wp-page\" data-elementor-id=\"6575\" class=\"elementor elementor-6575\" data-elementor-post-type=\"page\">\n\t\t\t\t<div class=\"wd-negative-gap elementor-element elementor-element-02c5692 wd-section-stretch-content e-flex e-con-boxed e-con e-parent\" data-id=\"02c5692\" data-element_type=\"container\" data-settings=\"{&quot;background_background&quot;:&quot;classic&quot;}\">\n\t\t\t\t\t<div class=\"e-con-inner\">\n\t\t\t\t<div class=\"elementor-element elementor-element-bd3ae74 elementor-widget elementor-widget-image\" data-id=\"bd3ae74\" data-element_type=\"widget\" data-widget_type=\"image.default\">\n\t\t\t\t<div class=\"elementor-widget-container\">\n\t\t\t\t\t\t\t\t\t\t\t\t\t\t\t<img fetchpriority=\"high\" decoding=\"async\" width=\"800\" height=\"206\" src=\"https:\/\/un.davidansushi.md\/wp-content\/uploads\/2024\/04\/logo-red.png\" class=\"attachment-large size-large wp-image-4383\" alt=\"\" \/>\t\t\t\t\t\t\t\t\t\t\t\t\t\t\t<\/div>\n\t\t\t\t<\/div>\n\t\t\t\t<div class=\"elementor-element elementor-element-7c4ec95 elementor-widget elementor-widget-heading\" data-id=\"7c4ec95\" data-element_type=\"widget\" data-widget_type=\"heading.default\">\n\t\t\t\t<div class=\"elementor-widget-container\">\n\t\t\t\t\t<h2 class=\"elementor-heading-title elementor-size-default\">UNGHENI<\/h2>\t\t\t\t<\/div>\n\t\t\t\t<\/div>\n\t\t\t\t<div class=\"elementor-element elementor-element-d3e1c88 color-scheme-inherit text-left elementor-widget elementor-widget-text-editor\" data-id=\"d3e1c88\" data-element_type=\"widget\" data-widget_type=\"text-editor.default\">\n\t\t\t\t<div class=\"elementor-widget-container\">\n\t\t\t\t\t\t\t\t\tSite-ul este momentan \u00een mentenan\u021b\u0103. Revenim \u00een cel mai scurt timp.\n\nPentru a plasa o comand\u0103 sau informa\u021bii, ne pute\u021bi contacta telefonic la <a style=\"color: var(--wd-primary-color);\" href=\"tel:+37367808080\">+373 (67) 808 080<\/a>. Mul\u021bumim pentru \u00een\u021belegere!\t\t\t\t\t\t\t\t<\/div>\n\t\t\t\t<\/div>\n\t\t\t\t\t<\/div>\n\t\t\t\t<\/div>\n\t\t\t\t<\/div>","protected":false},"excerpt":{"rendered":"<p>UNGHENI Site-ul este momentan \u00een mentenan\u021b\u0103. Revenim \u00een cel mai scurt timp. Pentru a plasa o comand\u0103 sau informa\u021bii, ne<\/p>","protected":false},"author":2,"featured_media":0,"parent":0,"menu_order":0,"comment_status":"closed","ping_status":"closed","template":"maintenance.php","meta":{"footnotes":""},"class_list":["post-6575","page","type-page","status-publish","hentry"],"_hostinger_reach_plugin_has_subscription_block":false,"_hostinger_reach_plugin_is_elementor":false,"jetpack_sharing_enabled":true,"_links":{"self":[{"href":"https:\/\/un.davidansushi.md\/ru\/wp-json\/wp\/v2\/pages\/6575","targetHints":{"allow":["GET"]}}],"collection":[{"href":"https:\/\/un.davidansushi.md\/ru\/wp-json\/wp\/v2\/pages"}],"about":[{"href":"https:\/\/un.davidansushi.md\/ru\/wp-json\/wp\/v2\/types\/page"}],"author":[{"embeddable":true,"href":"https:\/\/un.davidansushi.md\/ru\/wp-json\/wp\/v2\/users\/2"}],"replies":[{"embeddable":true,"href":"https:\/\/un.davidansushi.md\/ru\/wp-json\/wp\/v2\/comments?post=6575"}],"version-history":[{"count":4,"href":"https:\/\/un.davidansushi.md\/ru\/wp-json\/wp\/v2\/pages\/6575\/revisions"}],"predecessor-version":[{"id":6581,"href":"https:\/\/un.davidansushi.md\/ru\/wp-json\/wp\/v2\/pages\/6575\/revisions\/6581"}],"wp:attachment":[{"href":"https:\/\/un.davidansushi.md\/ru\/wp-json\/wp\/v2\/media?parent=6575"}],"curies":[{"name":"wp","href":"https:\/\/api.w.org\/{rel}","templated":true}]}}