{"id":47,"date":"2023-12-12T13:40:41","date_gmt":"2023-12-12T11:40:41","guid":{"rendered":"http:\/\/davidansushi.md\/?page_id=47"},"modified":"2025-05-05T20:19:14","modified_gmt":"2025-05-05T17:19:14","slug":"termeni-si-conditii","status":"publish","type":"page","link":"https:\/\/un.davidansushi.md\/ru\/termeni-si-conditii\/","title":{"rendered":"Termeni \u0219i Condi\u021bii"},"content":{"rendered":"<div data-elementor-type=\"wp-page\" data-elementor-id=\"47\" class=\"elementor elementor-47\" data-elementor-post-type=\"page\">\n\t\t\t\t<div class=\"elementor-element elementor-element-dfa4284 e-flex e-con-boxed wd-section-disabled e-con e-parent\" data-id=\"dfa4284\" data-element_type=\"container\">\n\t\t\t\t\t<div class=\"e-con-inner\">\n\t\t\t\t<div class=\"elementor-element elementor-element-2caaf50 elementor-widget elementor-widget-wd_title\" data-id=\"2caaf50\" data-element_type=\"widget\" data-widget_type=\"wd_title.default\">\n\t\t\t\t<div class=\"elementor-widget-container\">\n\t\t\t\t\t\t\t<div class=\"title-wrapper set-mb-s reset-last-child wd-title-color-default wd-title-style-default wd-title-size-default text-left\">\n\n\t\t\t\n\t\t\t<div class=\"liner-continer\">\n\t\t\t\t<h4 class=\"woodmart-title-container title wd-fontsize-l\">TERMENI \u0218I CONDI\u021aII<\/h4> \n\t\t\t\t\t\t\t<\/div>\n\n\t\t\t\t\t\t\t<div class=\"title-after_title set-cont-mb-s reset-last-child wd-fontsize-xs\">\n\t\t\t\t\t<p><strong>1. DISPOZI\u021aII GENERALE<\/strong><br \/>Acest site este de\u021binut de DANOLEG BAKERY S.R.L. La \u00eenregistrarea comenzii in magazinul online, Cump\u0103r\u0103torul<br \/>accepta Termeni si Condi\u021biile de v\u00e2nzare a bunurilor\/produselor \u0219i\/sau prestare a serviciilor care sunt baza\u021bi<br \/>pe legisla\u021bia RM (in continuare \u2013 Termeni \u0219i Condi\u021bii) prezentate mai jos.<br \/>Utilizarea website-ului presupune acceptarea Termeni si Condi\u021bii propuse de c\u0103tre DANOLEG BAKERY S.R.L, \u00een<br \/>conformitate cu Legea nr.284\/2004 privind Comer\u021bul Electronic. Rela\u021biile dintre client si v\u00e2nz\u0103tor sunt stabilite<br \/>\u00een baza Legii nr.105\/2003 cu privire la Protec\u021bia drepturilor consumatorului, si a altor acte normative adoptate<br \/>\u00een conformitate cu aceasta.<br \/>V\u00e2nz\u0103torul \u00ee\u0219i rezerva dreptul de a modifica Termenii si Condi\u021biile date, iar Cump\u0103r\u0103torul este obligat sa<br \/>monitorizeze modific\u0103rile.<\/p><p><strong>2. PROTEC\u021aIA DATELOR CU CARACTER PERSONAL<\/strong><br \/>Prin utilizarea site-ului www.un.davidansushi.md , sunte\u021bi de acord \u00een mod automat cu colectarea \u0219i prelucrarea<br \/>datelor cu caracter personal, care sunt necesare pentru procesarea\/confirmarea\/executarea comenzilor.<br \/>Datele personale se prelucreaz\u0103 doar pentru scopuri legitime, precum acela de a furniza produsele pe care<br \/>le comanzi, promo\u021bii, google analytics, cookies \u0219i notific\u0103ri\\newsletter.<br \/>Toat\u0103 informa\u021bia ce con\u021bine date cu caracter personal este stocat\u0103 \u0219i utilizat\u0103 doar pentru perioada necesar\u0103<br \/>atingerii scopurilor pentru care a fost colectat\u0103 \u0219i \u00een conformitate cu prevederile stabilite de Legea nr.<br \/>133\/2011 privind protec\u021bia datelor cu caracter personal.<br \/>Noi folosim m\u0103suri de securitate comerciale pentru a preveni accesul neautorizat, men\u021binerea exactit\u0103\u021bii<br \/>date-lor \u0219i pentru asigurarea utiliz\u0103rii corecte a informa\u021biei de pe site. Transmiterea datelor pe internet sau<br \/>prin re\u021bea wireless nu poate fi protejata \u00een totalitate. Prin urmare, la fel ca alte companii, noi nu putem<br \/>garanta securitatea informa\u021biei pe care o ofer\u0103 Cump\u0103r\u0103torului, astfel, el va face acest lucru pe propria<br \/>r\u0103spundere.<\/p><p><strong>3. \u00ceNREGISTRAREA \u0218I<\/strong> ACHITAREA COMENZII<br \/>Achitarea comenzilor este posibil\u0103 cu cardul de plat\u0103 \u2013 la primirea comenzii ve\u021bi primi bonul fiscal ce va<br \/>confirma plata.<br \/>Plata online se face \u00een condi\u021bii de siguran\u021ba maxima folosind ca instrument de plat\u0103 cardul de plat\u0103, care<br \/>permite efectuarea de tranzac\u021bii online. Dup\u0103 efectuarea pl\u0103\u021bii ve\u021bi primi o confirmare de plata pe adresa dvs.<br \/>de email.<br \/>Procesatorul de plata folose\u0219te un sistem securizat, bazat pe ultima versiunea a standardului de securitate<br \/>3D-Secure ceea ce \u00eenseamn\u0103 o nou\u0103 abordare global\u0103 a autentific\u0103rii cump\u0103r\u0103torilor \u00een tranzac\u021bii sigure<br \/>online. Aceasta m\u0103sura de siguran\u021ba presupune redirec\u021bionarea utilizatorului \u00een momentul efectu\u0103rii pla\u021bii pe<br \/>o pagina securizata maib unde autentificarea fiec\u0103rui de\u021bin\u0103tor de card se face prin atribuirea unui cod de<br \/>unic\u0103 folosin\u021be pentru fiecare tranzac\u021bie online.<\/p><p>Rambursarea mijloacelor b\u0103ne\u0219ti se efectueaz\u0103 doar pe cardul de plat\u0103 care a fost folosit pentru achizi\u021bie.<br \/>Pentru a efectua o plat\u0103, va trebui s\u0103 introduce\u021bi detaliile cardului dvs. bancar. Transferul acestor informa\u021bii<br \/>se face \u00een conformitate cu toate m\u0103surile de securitate necesare. Informa\u021biile sunt transmise \u00een form\u0103 criptat\u0103<br \/>\u0219i sunt stocate numai pe un server specializat al sistemului de pl\u0103\u021bi.<br \/>Pentru efectuarea pl\u0103\u021bii vor fi solicitate urm\u0103toarele date:<\/p><p>o Num\u0103rul cardului (16 cifre)<br \/>o Data expir\u0103rii (luna \u0219i anul)<br \/>o Codul CVC sau CVV (3 cifre)<br \/>o Numele \u0219i prenumele de pe cardul de plat\u0103<\/p><p>\u00cen cazul \u00een care valuta cardului difer\u0103 de valuta tranzac\u021biei (MDL), atunci la convertirea sumei re\u021binute din<br \/>contul de card se vor aplica condi\u021biile b\u0103ncii emitente.<\/p><p><strong>4. LIVRAREA PRODUSELOR \/ M\u0102RFURILOR \/ SERVICIILOR<\/strong><\/p><p>Livrarea se face zilnic, \u00een intervalul orar 11:00 \u2013 23:00.<\/p><p>Plata se face numerar sau cu cardul la curier, \u00een momentul livr\u0103rii.<\/p><p>Livrarea \u00een raza ora\u0219ului Ungheni are un tarif de 50 lei. Pentru comenzile cu o valoare de minimum 500 lei, livrarea este gratuit\u0103.<\/p><p>Livrarea este disponibil\u0103 \u0219i \u00een zonele adiacente ora\u0219ului. \u00cen localitatea Zagarancea, tariful este de 50 lei, f\u0103r\u0103 posibilitatea de a beneficia de livrare gratuit\u0103, indiferent de valoarea comenzii.<\/p><p>\u00a0<\/p><p><strong>5. POLITICA DE CONFIDEN\u021aIALITATE<\/strong><br \/>\u00cen conformitate cu prevederile Legii Nr.133\/2011 privind protec\u021bia datelor cu caracter personal, furnizorul de<br \/>servicii prelucreaz\u0103 date cu caracter personal. Datele cu caracter personal sunt prelucrate cu buna-credin\u021b\u0103<br \/>\u0219i se face \u00een temeiul \u0219i \u00een conformitate cu prevederile legale. Prelucrarea datelor cu caracter personal se<br \/>realizeaz\u0103 prin mijloace mixte (automate \u0219i manuale), cu respectarea cerin\u021belor legale \u0219i \u00een condi\u021bii care s\u0103<br \/>asigure securitatea, confiden\u021bialitatea \u0219i respectarea drepturilor persoanelor vizate.<br \/>Furnizorul colecteaz\u0103 \u0219i prelucreaz\u0103 doar datele personale furnizate de consumatori la efectuarea comenzii:<br \/>nume, prenume, num\u0103r de telefon, adresa, adresa po\u0219tal\u0103.<br \/>Datele personale sunt utilizate exclusiv \u00een scopul administr\u0103rii site-ului, pentru a permite accesul la informa\u021bii<br \/>special, pentru livrarea comenzilor sau pentru a contacta consumatorul \u00een vederea execut\u0103rii livr\u0103rii. Prin<br \/>prezenta informare, utilizatorii \u0219i consumatorii iau cuno\u0219tin\u021b\u0103 despre faptul c\u0103 li se vor prelucra \u0219i utiliza<br \/>datele cu caracter personal (nume, prenume, num\u0103r de telefon, adresa, adresa po\u0219tal\u0103). Furnizorul de<br \/>servicii prelucreaz\u0103 datele cu caracter personal ale utilizatorilor \u0219i consumatorilor care sunt furnizate prin<br \/>navigarea, folosirea \u0219i \u00eenregistrarea pe site-ul www.un.davidansushi.md<br \/>Orice informa\u021bie furnizat\u0103 de c\u0103tre utilizatorii \u0219i consumatorii site-ului www.un.davidansushi.md, va fi considerat\u0103 \u0219i<br \/>va reprezenta consim\u021b\u0103m\u00e2ntul expres ca datele personale s\u0103 fie folosite de Furnizor.<br \/>Furnizorul nu va dezv\u0103lui unei ter\u021be p\u0103r\u021bi niciuna dintre datele de\u021binute, f\u0103r\u0103 acordul persoanelor vizate \u0219i nu<br \/>va comercializa, schimba, divulga aceste date cu alte persoane, cu excep\u021biile prev\u0103zute de legisla\u021bia \u00een<br \/>vigoare (la solicitarea institu\u021biilor publice ale statului, organele de drept, instan\u021belor de judecat\u0103, de<br \/>asemenea autorizate s\u0103 prelucreze date cu caracter personal).<br \/>Datele cu caracter personal pot fi prelucrate \u0219i utilizate de c\u0103tre Furnizor \u0219i \u00een scopuri statistice \u0219i de<br \/>promovare ulterioar\u0103.<br \/>Furnizorul de servicii \u00eendepline\u0219te cerin\u021bele de securitate a datelor cu caracter personal \u0219i asigur\u0103 protec\u021bia<br \/>datelor consumatorilor \u0219i le protejeaz\u0103 pentru a nu fi pierdute, distruse, distorsionate\/falsificate sau divulgate<br \/>ter\u021belor persoane.<br \/>Angaja\u021bii furnizorului de servicii sunt obliga\u021bi s\u0103 respecte confiden\u021bialitatea datelor personale ale<br \/>consumatorilor. Prelucrarea datelor cu caracter personal va fi realizat\u0103 de persoana \u00eemputernicit\u0103 a<br \/>Furnizorului.<br \/>Furnizorul utilizeaz\u0103 metode \u0219i tehnologii de securitate conform prevederilor legale \u00een vigoare.<br \/>Furnizorul nu colecteaz\u0103 informa\u021bii referitoare la tranzac\u021bii, cum ar fi nr. la card, data expir\u0103rii, \u021bara de origine.<br \/>Pentru mai multe detalii \u0219i informa\u021bii orice persoan\u0103 interesat\u0103 se poate adresa printr-un email la<br \/>contact@davidansushi.md sau prin telefon la num\u0103rul +373 693 352 33<\/p><p>\u00a0<\/p><p><strong>6. DATELE DE CONTACT<\/strong><br \/>Denumirea juridica a companiei: DANOLEG BAKERY S.R.L<br \/>IDNO: 1024600012114<br \/>Adresa juridica: str. Na\u021bional\u0103 15, or. Ungheni<br \/>Adresa fizica: str. Na\u021bional\u0103 15, or. Ungheni<br \/>Telefon de contact: +373 693 352 33<br \/>Email de contact: contact@davidansushi.md<\/p>\t\t\t\t<\/div>\n\t\t\t\t\t<\/div>\n\t\t\t\t\t\t<\/div>\n\t\t\t\t<\/div>\n\t\t\t\t\t<\/div>\n\t\t\t\t<\/div>\n\t\t\t\t<\/div>","protected":false},"excerpt":{"rendered":"<p>TERMENI \u0218I CONDI\u021aII 1. DISPOZI\u021aII GENERALEAcest site este de\u021binut de DANOLEG BAKERY S.R.L. La \u00eenregistrarea comenzii in magazinul online, Cump\u0103r\u0103torulaccepta<\/p>","protected":false},"author":2,"featured_media":0,"parent":0,"menu_order":0,"comment_status":"closed","ping_status":"closed","template":"","meta":{"footnotes":""},"class_list":["post-47","page","type-page","status-publish","hentry"],"_hostinger_reach_plugin_has_subscription_block":false,"_hostinger_reach_plugin_is_elementor":false,"jetpack_sharing_enabled":true,"_links":{"self":[{"href":"https:\/\/un.davidansushi.md\/ru\/wp-json\/wp\/v2\/pages\/47","targetHints":{"allow":["GET"]}}],"collection":[{"href":"https:\/\/un.davidansushi.md\/ru\/wp-json\/wp\/v2\/pages"}],"about":[{"href":"https:\/\/un.davidansushi.md\/ru\/wp-json\/wp\/v2\/types\/page"}],"author":[{"embeddable":true,"href":"https:\/\/un.davidansushi.md\/ru\/wp-json\/wp\/v2\/users\/2"}],"replies":[{"embeddable":true,"href":"https:\/\/un.davidansushi.md\/ru\/wp-json\/wp\/v2\/comments?post=47"}],"version-history":[{"count":6,"href":"https:\/\/un.davidansushi.md\/ru\/wp-json\/wp\/v2\/pages\/47\/revisions"}],"predecessor-version":[{"id":6388,"href":"https:\/\/un.davidansushi.md\/ru\/wp-json\/wp\/v2\/pages\/47\/revisions\/6388"}],"wp:attachment":[{"href":"https:\/\/un.davidansushi.md\/ru\/wp-json\/wp\/v2\/media?parent=47"}],"curies":[{"name":"wp","href":"https:\/\/api.w.org\/{rel}","templated":true}]}}